{"id":3378,"date":"2024-11-03T19:40:08","date_gmt":"2024-11-03T18:40:08","guid":{"rendered":"http:\/\/www.flosalud.com\/?page_id=3378"},"modified":"2024-11-03T19:40:28","modified_gmt":"2024-11-03T18:40:28","slug":"aviso-legal","status":"publish","type":"page","link":"http:\/\/www.flosalud.com\/?page_id=3378","title":{"rendered":"Aviso 2024"},"content":{"rendered":"\t\t<div data-elementor-type=\"wp-page\" data-elementor-id=\"3378\" class=\"elementor elementor-3378\">\n\t\t\t\t\t\t<section class=\"elementor-section elementor-top-section elementor-element elementor-element-0741e2e elementor-section-boxed elementor-section-height-default elementor-section-height-default\" data-id=\"0741e2e\" data-element_type=\"section\">\n\t\t\t\t\t\t<div class=\"elementor-container elementor-column-gap-default\">\n\t\t\t\t\t<div class=\"elementor-column elementor-col-100 elementor-top-column elementor-element elementor-element-2bdf057\" data-id=\"2bdf057\" data-element_type=\"column\">\n\t\t\t<div class=\"elementor-widget-wrap elementor-element-populated\">\n\t\t\t\t\t\t<div class=\"elementor-element elementor-element-82ef99e elementor-widget elementor-widget-text-editor\" data-id=\"82ef99e\" data-element_type=\"widget\" data-widget_type=\"text-editor.default\">\n\t\t\t\t<div class=\"elementor-widget-container\">\n\t\t\t\t\t\t\t\t\t<p>AVISO LEGAL<\/p>\t\t\t\t\t\t\t\t<\/div>\n\t\t\t\t<\/div>\n\t\t\t\t<div class=\"elementor-element elementor-element-57c9a10 elementor-widget elementor-widget-text-editor\" data-id=\"57c9a10\" data-element_type=\"widget\" data-widget_type=\"text-editor.default\">\n\t\t\t\t<div class=\"elementor-widget-container\">\n\t\t\t\t\t\t\t\t\t<p>INTRODUCCI\u00d3N<\/p>\t\t\t\t\t\t\t\t<\/div>\n\t\t\t\t<\/div>\n\t\t\t\t<div class=\"elementor-element elementor-element-df0f0e0 elementor-widget elementor-widget-text-editor\" data-id=\"df0f0e0\" data-element_type=\"widget\" data-widget_type=\"text-editor.default\">\n\t\t\t\t<div class=\"elementor-widget-container\">\n\t\t\t\t\t\t\t\t\t<p>En este texto legal el usuario de la web podr\u00e1 encontrar la informaci\u00f3n que le permitir\u00e1 identificar a la responsable as\u00ed como la informaci\u00f3n relativa a la p\u00e1gina web y a las actividades desarrolladas por la responsable.<\/p>\t\t\t\t\t\t\t\t<\/div>\n\t\t\t\t<\/div>\n\t\t\t\t<div class=\"elementor-element elementor-element-80719e5 elementor-widget elementor-widget-text-editor\" data-id=\"80719e5\" data-element_type=\"widget\" data-widget_type=\"text-editor.default\">\n\t\t\t\t<div class=\"elementor-widget-container\">\n\t\t\t\t\t\t\t\t\t<p>IDENTIFICACI\u00d3N DEL RESPONSABLE DE LA P\u00c1GINA WEB<\/p>\t\t\t\t\t\t\t\t<\/div>\n\t\t\t\t<\/div>\n\t\t\t\t<div class=\"elementor-element elementor-element-2b0cae0 elementor-widget elementor-widget-text-editor\" data-id=\"2b0cae0\" data-element_type=\"widget\" data-widget_type=\"text-editor.default\">\n\t\t\t\t<div class=\"elementor-widget-container\">\n\t\t\t\t\t\t\t\t\t<p>De acuerdo con lo indicado en la Ley 34\/2002 de Servicios de la Sociedad de la Informaci\u00f3n y del Comercio Electr\u00f3nico (LSSICE), ponemos la siguiente informaci\u00f3n a disposici\u00f3n del usuario de la web:<\/p><ul><li>Identidad de la responsable: FLORINDA P\u00c9REZ GONZ\u00c1LEZ<\/li><li>Nombre comercial: FLO FISIOTERAPIA<\/li><li>NIF: 79331336-N<\/li><li>Direcci\u00f3n social: Ronda de Don Bosco, 30 2\u00ba A &#8211; 36203 &#8211; Vigo (Pontevedra)<\/li><li>Correo electr\u00f3nico: info@www.flosalud.com<\/li><li>Actividad desarrollada: cl\u00ednica de fisioterapia<\/li><li>N\u00famero de colegiada: n\u00ba 1419<\/li><\/ul><p>\u00a0<\/p>\t\t\t\t\t\t\t\t<\/div>\n\t\t\t\t<\/div>\n\t\t\t\t<div class=\"elementor-element elementor-element-7c44bed elementor-widget elementor-widget-text-editor\" data-id=\"7c44bed\" data-element_type=\"widget\" data-widget_type=\"text-editor.default\">\n\t\t\t\t<div class=\"elementor-widget-container\">\n\t\t\t\t\t\t\t\t\t<p>DATOS PERSONALES QUE RECOGE LA WEB<\/p>\t\t\t\t\t\t\t\t<\/div>\n\t\t\t\t<\/div>\n\t\t\t\t<div class=\"elementor-element elementor-element-7667f89 elementor-widget elementor-widget-text-editor\" data-id=\"7667f89\" data-element_type=\"widget\" data-widget_type=\"text-editor.default\">\n\t\t\t\t<div class=\"elementor-widget-container\">\n\t\t\t\t\t\t\t\t\t<p>Respecto a la informaci\u00f3n sobre la pol\u00edtica de protecci\u00f3n de datos aplicada por la responsable de la web se puede leer lo indicado en la <a href=\"http:\/\/www.flosalud.com\/politica\"><u>Pol\u00edtica de Privacidad<\/u><\/a>.<\/p>\t\t\t\t\t\t\t\t<\/div>\n\t\t\t\t<\/div>\n\t\t\t\t<div class=\"elementor-element elementor-element-b1cab14 elementor-widget elementor-widget-text-editor\" data-id=\"b1cab14\" data-element_type=\"widget\" data-widget_type=\"text-editor.default\">\n\t\t\t\t<div class=\"elementor-widget-container\">\n\t\t\t\t\t\t\t\t\t<p>COMPROMISOS Y OBLIGACIONES DE LOS USUARIOS<\/p>\t\t\t\t\t\t\t\t<\/div>\n\t\t\t\t<\/div>\n\t\t\t\t<div class=\"elementor-element elementor-element-d638e27 elementor-widget elementor-widget-text-editor\" data-id=\"d638e27\" data-element_type=\"widget\" data-widget_type=\"text-editor.default\">\n\t\t\t\t<div class=\"elementor-widget-container\">\n\t\t\t\t\t\t\t\t\t<p>El usuario de la web queda informado, y acepta, que el simple acceso a la presente p\u00e1gina web no supone el inicio de una relaci\u00f3n de prestaci\u00f3n de servicios con FLORINDA P\u00c9REZ GONZ\u00c1LEZ. El usuario se compromete a utilizar el sitio web y sus servicios y contenidos sin vulnerar la legislaci\u00f3n vigente aplicable, la buena f\u00e9 y el orden p\u00fablico.<\/p><p>Queda prohibido el uso de la web con fines il\u00edcitos o lesivos, o que de cualquier forma pudieran causar perjuicio o impedir el normal funcionamiento del sitio web. Respecto de los contenidos de la web se proh\u00edbe concretamente:<\/p><ul><li>Su reproducci\u00f3n, distribuci\u00f3n o modificaci\u00f3n, total o parcial, a menos que se cuente con la autorizaci\u00f3n de la responsable como leg\u00edtima titular.<\/li><li>Cualquier vulneraci\u00f3n de los derechos del prestador o de la responsable como leg\u00edtima titular.<\/li><li>Su utilizaci\u00f3n para fines comerciales o publicitarios.<\/li><\/ul><p>En la utilizaci\u00f3n de la web <a href=\"http:\/\/www.flosalud.com\"><em>www.flofisioterapia.com<\/em><\/a>, el usuario se compromete a no llevar a cabo ninguna conducta que pudiera da\u00f1ar la imagen, los intereses y los derechos de FLORINDA P\u00c9REZ GONZ\u00c1LEZ o de terceros o que pudiera da\u00f1ar, inutilizar o sobrecargar el portal <a href=\"http:\/\/www.flosalud.com\"><em>www.flofisioterapia.com <\/em><\/a>o que impidiera, de cualquier forma, la normal utilizaci\u00f3n de la web.<\/p><p>El usuario debe ser consciente de que las medidas de seguridad de los sistemas inform\u00e1ticos en Internet no son completamente fiables y que <em>www.flofisioterapia.com <\/em>no puede garantizar la inexistencia de malware u otros elementos en la red que puedan producir alteraciones en los sistemas inform\u00e1ticos (software y hardware) del usuario o en sus documentos electr\u00f3nicos y archivos contenidos en los mismos, aunque la responsable ha dispuesto los medios necesarios y las medidas de seguridad oportunas para evitar la presencia de estos elementos da\u00f1inos.<\/p>\t\t\t\t\t\t\t\t<\/div>\n\t\t\t\t<\/div>\n\t\t\t\t<div class=\"elementor-element elementor-element-1ff866b elementor-widget elementor-widget-text-editor\" data-id=\"1ff866b\" data-element_type=\"widget\" data-widget_type=\"text-editor.default\">\n\t\t\t\t<div class=\"elementor-widget-container\">\n\t\t\t\t\t\t\t\t\t<p>MEDIDAS DE SEGURIDAD<\/p>\t\t\t\t\t\t\t\t<\/div>\n\t\t\t\t<\/div>\n\t\t\t\t<div class=\"elementor-element elementor-element-723d824 elementor-widget elementor-widget-text-editor\" data-id=\"723d824\" data-element_type=\"widget\" data-widget_type=\"text-editor.default\">\n\t\t\t\t<div class=\"elementor-widget-container\">\n\t\t\t\t\t\t\t\t\t<p>Los datos personales que pudieran ser comunicados por el usario a FLORINDA P\u00c9REZ GONZ\u00c1LEZ podr\u00edan ser almacenados en bases de datos automatizadas o no, cuya titularidad corresponde en exclusiva a FLORINDA P\u00c9REZ GONZ\u00c1LEZ, que ha asumido todas las medidas de \u00edndole t\u00e9cnica, organizativa y de seguridad que garantizan la confidencialidad, integridad y calidad de la informaci\u00f3n contenida en las mismas y de acuerdo con lo indicado en la normativa vigente aplicable en materia de protecci\u00f3n de datos.<\/p><p>La comunicaci\u00f3n entre los usuarios y <a href=\"http:\/\/www.flosalud.com\"><em>www.flofisioterapia.com <\/em><\/a>utiliza un canal seguro, y los datos transmitidos son cifrados gracias a protocolos https. Se garantizan por tanto las mejores condiciones de seguridad para que la confidencialidad de los usuarios est\u00e9 garantizada en todo momento.<\/p>\t\t\t\t\t\t\t\t<\/div>\n\t\t\t\t<\/div>\n\t\t\t\t<div class=\"elementor-element elementor-element-567663b elementor-widget elementor-widget-text-editor\" data-id=\"567663b\" data-element_type=\"widget\" data-widget_type=\"text-editor.default\">\n\t\t\t\t<div class=\"elementor-widget-container\">\n\t\t\t\t\t\t\t\t\t<p>PLATAFORMA PARA LA RESOLUCI\u00d3N DE CONFLICTOS<\/p>\t\t\t\t\t\t\t\t<\/div>\n\t\t\t\t<\/div>\n\t\t\t\t<div class=\"elementor-element elementor-element-692807e elementor-widget elementor-widget-text-editor\" data-id=\"692807e\" data-element_type=\"widget\" data-widget_type=\"text-editor.default\">\n\t\t\t\t<div class=\"elementor-widget-container\">\n\t\t\t\t\t\t\t\t\t<p>La responsable pone a disposici\u00f3n de los usuarios la plataforma de resoluci\u00f3n de litigios que facilita la Comisi\u00f3n Europea y que se encuentra disponible en el siguiente enlace: <a href=\"https:\/\/ec.europa.eu\/consumers\/odr\/\">https:\/\/ec.europa.eu\/consumers\/odr\/<\/a><\/p>\t\t\t\t\t\t\t\t<\/div>\n\t\t\t\t<\/div>\n\t\t\t\t<div class=\"elementor-element elementor-element-a5cd9fd elementor-widget elementor-widget-text-editor\" data-id=\"a5cd9fd\" data-element_type=\"widget\" data-widget_type=\"text-editor.default\">\n\t\t\t\t<div class=\"elementor-widget-container\">\n\t\t\t\t\t\t\t\t\t<p>EXCLUSI\u00d3N DE GARANT\u00cdAS Y RESPONSABILIDAD<\/p>\t\t\t\t\t\t\t\t<\/div>\n\t\t\t\t<\/div>\n\t\t\t\t<div class=\"elementor-element elementor-element-95b8b3d elementor-widget elementor-widget-text-editor\" data-id=\"95b8b3d\" data-element_type=\"widget\" data-widget_type=\"text-editor.default\">\n\t\t\t\t<div class=\"elementor-widget-container\">\n\t\t\t\t\t\t\t\t\t<p>FLORINDA P\u00c9REZ GONZ\u00c1LEZ no otorga ninguna garant\u00eda ni se hace responsable, en ning\u00fan caso, de los da\u00f1os y perjuicios de cualquier naturaleza que pudieran venir causados por:<\/p><ul><li>La falta de disponibilidad, mantenimiento y efectivo funcionamiento de la p\u00e1gina web, o de sus servicios y contenidos;<\/li><li>La existencia de malware, programas maliciosos o lesivos de los contenidos;<\/li><li>El uso il\u00edcito, negligente, fraudulento o contrario a este Aviso Legal;<\/li><li>La falta de licitud, calidad, fiabilidad, utilidad y disponibilidad de los servicios prestados por terceros y puestos a disposici\u00f3n de los usuarios en el sitio web;<\/li><li>El prestador no se hace responsable bajo ning\u00fan concepto de los da\u00f1os que pudieran dimanar del uso ilegal o indebido de la presente p\u00e1gina web.<\/li><\/ul>\t\t\t\t\t\t\t\t<\/div>\n\t\t\t\t<\/div>\n\t\t\t\t<div class=\"elementor-element elementor-element-278edfa elementor-widget elementor-widget-text-editor\" data-id=\"278edfa\" data-element_type=\"widget\" data-widget_type=\"text-editor.default\">\n\t\t\t\t<div class=\"elementor-widget-container\">\n\t\t\t\t\t\t\t\t\t<p>LEY APLICABLE Y JURISDICCI\u00d3N<\/p>\t\t\t\t\t\t\t\t<\/div>\n\t\t\t\t<\/div>\n\t\t\t\t<div class=\"elementor-element elementor-element-37e7974 elementor-widget elementor-widget-text-editor\" data-id=\"37e7974\" data-element_type=\"widget\" data-widget_type=\"text-editor.default\">\n\t\t\t\t<div class=\"elementor-widget-container\">\n\t\t\t\t\t\t\t\t\t<p>Las relaciones entre FLORINDA P\u00c9REZ GONZ\u00c1LEZ y los usuarios de sus servicios telem\u00e1ticos presentes en esta web se encuentran sujetas con car\u00e1cter general a la legislaci\u00f3n y jurisdicci\u00f3n espa\u00f1olas y a los tribunales de la provincia de Pontevedra.<\/p><p>Para cualquier duda sobre las presentes condiciones legales los usuarios pueden contactar en el correo-e <u>info@www.flosalud.com<\/u><\/p>\t\t\t\t\t\t\t\t<\/div>\n\t\t\t\t<\/div>\n\t\t\t\t<div class=\"elementor-element elementor-element-3e73d2d elementor-widget elementor-widget-text-editor\" data-id=\"3e73d2d\" data-element_type=\"widget\" data-widget_type=\"text-editor.default\">\n\t\t\t\t<div class=\"elementor-widget-container\">\n\t\t\t\t\t\t\t\t\t<p>Aviso Legal actualizado con fecha de 30 de Octubre de 2020<\/p>\t\t\t\t\t\t\t\t<\/div>\n\t\t\t\t<\/div>\n\t\t\t\t<div class=\"elementor-element elementor-element-37ca925 elementor-align-center elementor-widget elementor-widget-button\" data-id=\"37ca925\" data-element_type=\"widget\" data-widget_type=\"button.default\">\n\t\t\t\t<div class=\"elementor-widget-container\">\n\t\t\t\t\t\t\t\t\t<div class=\"elementor-button-wrapper\">\n\t\t\t\t\t<a class=\"elementor-button elementor-button-link elementor-size-sm\" href=\"http:\/\/www.flosalud.com\/\">\n\t\t\t\t\t\t<span class=\"elementor-button-content-wrapper\">\n\t\t\t\t\t\t<span class=\"elementor-button-icon\">\n\t\t\t\t<i aria-hidden=\"true\" class=\"fas fa-arrow-circle-left\"><\/i>\t\t\t<\/span>\n\t\t\t\t\t\t\t\t\t<span class=\"elementor-button-text\">Volver<\/span>\n\t\t\t\t\t<\/span>\n\t\t\t\t\t<\/a>\n\t\t\t\t<\/div>\n\t\t\t\t\t\t\t\t<\/div>\n\t\t\t\t<\/div>\n\t\t\t\t\t<\/div>\n\t\t<\/div>\n\t\t\t\t\t<\/div>\n\t\t<\/section>\n\t\t\t\t<\/div>\n\t\t","protected":false},"excerpt":{"rendered":"<p>AVISO LEGAL INTRODUCCI\u00d3N En este texto legal el usuario de la web podr\u00e1 encontrar la informaci\u00f3n que le permitir\u00e1 identificar a la responsable as\u00ed como la informaci\u00f3n relativa a la p\u00e1gina web y a las actividades desarrolladas por la responsable. IDENTIFICACI\u00d3N DEL RESPONSABLE DE LA P\u00c1GINA WEB De acuerdo con lo indicado en la Ley [&hellip;]<\/p>\n","protected":false},"author":1,"featured_media":0,"parent":0,"menu_order":0,"comment_status":"closed","ping_status":"closed","template":"","meta":{"_seopress_robots_primary_cat":"","_seopress_titles_title":"Aviso legal - Flo Salud","_seopress_titles_desc":"Aviso legal - Flo Salud","_seopress_robots_index":"","site-sidebar-layout":"no-sidebar","site-content-layout":"page-builder","ast-site-content-layout":"full-width-container","site-content-style":"unboxed","site-sidebar-style":"unboxed","ast-global-header-display":"","ast-banner-title-visibility":"","ast-main-header-display":"","ast-hfb-above-header-display":"","ast-hfb-below-header-display":"","ast-hfb-mobile-header-display":"","site-post-title":"disabled","ast-breadcrumbs-content":"","ast-featured-img":"disabled","footer-sml-layout":"","ast-disable-related-posts":"","theme-transparent-header-meta":"default","adv-header-id-meta":"","stick-header-meta":"","header-above-stick-meta":"","header-main-stick-meta":"","header-below-stick-meta":"","astra-migrate-meta-layouts":"set","ast-page-background-enabled":"default","ast-page-background-meta":{"desktop":{"background-color":"","background-image":"","background-repeat":"repeat","background-position":"center center","background-size":"auto","background-attachment":"scroll","background-type":"","background-media":"","overlay-type":"","overlay-color":"","overlay-opacity":"","overlay-gradient":""},"tablet":{"background-color":"","background-image":"","background-repeat":"repeat","background-position":"center center","background-size":"auto","background-attachment":"scroll","background-type":"","background-media":"","overlay-type":"","overlay-color":"","overlay-opacity":"","overlay-gradient":""},"mobile":{"background-color":"","background-image":"","background-repeat":"repeat","background-position":"center center","background-size":"auto","background-attachment":"scroll","background-type":"","background-media":"","overlay-type":"","overlay-color":"","overlay-opacity":"","overlay-gradient":""}},"ast-content-background-meta":{"desktop":{"background-color":"var(--ast-global-color-5)","background-image":"","background-repeat":"repeat","background-position":"center center","background-size":"auto","background-attachment":"scroll","background-type":"","background-media":"","overlay-type":"","overlay-color":"","overlay-opacity":"","overlay-gradient":""},"tablet":{"background-color":"var(--ast-global-color-5)","background-image":"","background-repeat":"repeat","background-position":"center center","background-size":"auto","background-attachment":"scroll","background-type":"","background-media":"","overlay-type":"","overlay-color":"","overlay-opacity":"","overlay-gradient":""},"mobile":{"background-color":"var(--ast-global-color-5)","background-image":"","background-repeat":"repeat","background-position":"center center","background-size":"auto","background-attachment":"scroll","background-type":"","background-media":"","overlay-type":"","overlay-color":"","overlay-opacity":"","overlay-gradient":""}},"footnotes":""},"class_list":["post-3378","page","type-page","status-publish","hentry"],"_links":{"self":[{"href":"http:\/\/www.flosalud.com\/index.php?rest_route=\/wp\/v2\/pages\/3378","targetHints":{"allow":["GET"]}}],"collection":[{"href":"http:\/\/www.flosalud.com\/index.php?rest_route=\/wp\/v2\/pages"}],"about":[{"href":"http:\/\/www.flosalud.com\/index.php?rest_route=\/wp\/v2\/types\/page"}],"author":[{"embeddable":true,"href":"http:\/\/www.flosalud.com\/index.php?rest_route=\/wp\/v2\/users\/1"}],"replies":[{"embeddable":true,"href":"http:\/\/www.flosalud.com\/index.php?rest_route=%2Fwp%2Fv2%2Fcomments&post=3378"}],"version-history":[{"count":2,"href":"http:\/\/www.flosalud.com\/index.php?rest_route=\/wp\/v2\/pages\/3378\/revisions"}],"predecessor-version":[{"id":3394,"href":"http:\/\/www.flosalud.com\/index.php?rest_route=\/wp\/v2\/pages\/3378\/revisions\/3394"}],"wp:attachment":[{"href":"http:\/\/www.flosalud.com\/index.php?rest_route=%2Fwp%2Fv2%2Fmedia&parent=3378"}],"curies":[{"name":"wp","href":"https:\/\/api.w.org\/{rel}","templated":true}]}}